{"id":3,"date":"2024-04-28T17:55:32","date_gmt":"2024-04-28T17:55:32","guid":{"rendered":"https:\/\/polar-lux.com\/?page_id=3"},"modified":"2025-08-19T16:02:21","modified_gmt":"2025-08-19T16:02:21","slug":"privacy-policy","status":"publish","type":"page","link":"https:\/\/ultra-x-tend.co\/da\/privacy-policy\/","title":{"rendered":"Politik for beskyttelse af personlige oplysninger"},"content":{"rendered":"<div data-elementor-type=\"wp-page\" data-elementor-id=\"3\" class=\"elementor elementor-3\" data-elementor-post-type=\"page\">\n\t\t\t\t<div class=\"elementor-element elementor-element-2d1f6a1 e-flex e-con-boxed e-con e-parent\" data-id=\"2d1f6a1\" data-element_type=\"container\" data-settings=\"{&quot;background_background&quot;:&quot;classic&quot;}\">\n\t\t\t\t\t<div class=\"e-con-inner\">\n\t\t\t\t<div class=\"elementor-element elementor-element-130009b elementor-widget elementor-widget-heading\" data-id=\"130009b\" data-element_type=\"widget\" data-widget_type=\"heading.default\">\n\t\t\t\t<div class=\"elementor-widget-container\">\n\t\t\t\t\t<h2 class=\"elementor-heading-title elementor-size-default\">Politik for beskyttelse af personlige oplysninger\n<\/h2>\t\t\t\t<\/div>\n\t\t\t\t<\/div>\n\t\t\t\t\t<\/div>\n\t\t\t\t<\/div>\n\t\t<div class=\"elementor-element elementor-element-673a868 e-flex e-con-boxed e-con e-parent\" data-id=\"673a868\" data-element_type=\"container\">\n\t\t\t\t\t<div class=\"e-con-inner\">\n\t\t\t\t<div class=\"elementor-element elementor-element-96abc0c elementor-widget elementor-widget-text-editor\" data-id=\"96abc0c\" data-element_type=\"widget\" data-widget_type=\"text-editor.default\">\n\t\t\t\t<div class=\"elementor-widget-container\">\n\t\t\t\t\t\t\t\t\t<p><span>Denne fortrolighedspolitik forklarer, hvordan dine personlige oplysninger indsamles, bruges og deles, n\u00e5r du bes\u00f8ger eller foretager et k\u00f8b fra ultra-x-tend.co (\"webstedet\").<\/span><\/p>\n<p><span><b>Personlige oplysninger, vi indsamler<\/b><\/span><\/p>\n<p><span>N\u00e5r du bes\u00f8ger hjemmesiden, indsamler vi automatisk visse oplysninger om din enhed, f.eks. din webbrowser, IP-adresse, tidszone og nogle af de cookies, der er installeret p\u00e5 din enhed. N\u00e5r du surfer, indsamler vi ogs\u00e5 data om de websider eller produkter, du ser, websteder eller s\u00f8getermer, der bragte dig til webstedet, og hvordan du interagerer med webstedet. Disse automatisk indsamlede data kaldes \"Enhedsoplysninger\".<\/span><\/p>\n<p><span><b>Vi indsamler enhedsoplysninger gennem:<\/b><\/span><\/p>\n<ul>\n<li><b><\/b><span><b>Logfiler:<\/b> Disse sporer handlinger p\u00e5 webstedet og indsamler data som IP-adresse, browsertype, internetudbyder, henvisnings-\/udgangssider og tidsstempler.<\/span><\/li>\n<li><b><\/b><span><b>Web-beacons, tags og pixels:<\/b> Disse elektroniske filer sporer, hvordan du navigerer p\u00e5 hjemmesiden.<\/span><\/li>\n<\/ul>\n<p><span>N\u00e5r du foretager eller fors\u00f8ger at foretage et k\u00f8b p\u00e5 webstedet, indsamler vi visse oplysninger fra dig, herunder dit navn, fakturerings- og leveringsadresser, betalingsoplysninger (f.eks. kreditkortnumre), e-mailadresse og telefonnummer. Vi kalder dette \"ordreoplysninger\".<\/span><\/p>\n<p><span>I denne politik omfatter \"personlige oplysninger\" b\u00e5de enhedsoplysninger og ordreoplysninger.<\/span><\/p>\n<p><span><b>S\u00e5dan bruger vi dine personlige oplysninger<\/b><\/span><\/p>\n<p><span>Vi bruger ordreoplysningerne til at behandle og opfylde ordrer, der er foretaget via webstedet, herunder administration af dine betalingsoplysninger, arrangering af forsendelse og afsendelse af fakturaer eller ordrebekr\u00e6ftelser. Derudover bruger vi disse oplysninger til at:<\/span><\/p>\n<ul>\n<li><span>Kommuniker med dig<\/span><\/li>\n<li><span>Screen ordrer for potentielle risici eller svindel<\/span><\/li>\n<li><span>Give dig oplysninger eller reklamer om vores produkter eller tjenester i overensstemmelse med dine pr\u00e6ferencer for beskyttelse af personlige oplysninger<\/span><\/li>\n<\/ul>\n<p><span>Vi bruger enhedsoplysninger til at hj\u00e6lpe os med at screene for potentielle risici og svindel (is\u00e6r din IP-adresse) og til at forbedre og optimere vores hjemmeside. Dette omfatter generering af analyser om, hvordan vores kunder navigerer og interagerer med webstedet, og vurdering af vores marketing- og reklamekampagners succes.<\/span><\/p>\n<p><span><b>Deling af dine personlige oplysninger<\/b><\/span><\/p>\n<p><span>Vi deler dine personlige oplysninger med tredjeparter for at hj\u00e6lpe os med at bruge dine data som beskrevet ovenfor. For eksempel bruger vi Google Analytics til at forst\u00e5, hvordan vores kunder bruger hjemmesiden. Du kan l\u00e6se mere om, hvordan Google bruger dine data her: <a href=\"https:\/\/policies.google.com\/privacy?hl=en\"><span>Googles privatlivspolitik<\/span><\/a>. For at frav\u00e6lge Google Analytics, bes\u00f8g: <a href=\"https:\/\/tools.google.com\/dlpage\/gaoptout\"><span>Fravalg af Google Analytics<\/span><\/a>.<\/span><\/p>\n<p><span>Vi kan ogs\u00e5 dele dine personlige oplysninger for at overholde juridiske forpligtelser, reagere p\u00e5 juridiske anmodninger eller beskytte vores rettigheder.<\/span><\/p>\n<p><span><b>Adf\u00e6rdsbaseret reklame<\/b><\/span><\/p>\n<p><span>Som n\u00e6vnt bruger vi dine personlige oplysninger til at levere m\u00e5lrettede reklamer eller markedsf\u00f8ringskommunikation, som vi mener kan interessere dig. Hvis du vil vide mere om, hvordan m\u00e5lrettet annoncering fungerer, kan du bes\u00f8ge Network Advertising Initiative's <a href=\"http:\/\/www.networkadvertising.org\/understanding-online-advertising\/how-does-it-work\"><span>Uddannelsesside<\/span><\/a>.<\/span><\/p>\n<p><span><b>For at frav\u00e6lge m\u00e5lrettet reklame:<\/b><\/span><\/p>\n<ul>\n<li><b><\/b><span><b>Facebook:<\/b> <a href=\"https:\/\/www.facebook.com\/settings\/?tab=ads\"><span>Pr\u00e6ferencer for annoncer<\/span><\/a><\/span><\/li>\n<li><b><\/b><span><b>Google:<\/b> <a href=\"https:\/\/www.google.com\/settings\/ads\/anonymous\"><span>Annonceindstillinger<\/span><\/a><\/span><\/li>\n<li><b><\/b><span><b>Bing:<\/b> <a href=\"https:\/\/advertise.bingads.microsoft.com\/en-us\/resources\/policies\/personalized-ads\"><span>Personlige annoncer<\/span><\/a><\/span><\/li>\n<\/ul>\n<p><span>Du kan ogs\u00e5 frav\u00e6lge det via Digital Advertising Alliance's <a href=\"http:\/\/optout.aboutads.info\/\"><span>Opt-out-portal<\/span><\/a>.<\/span><\/p>\n<p><span><b>Spor ikke<\/b><\/span><\/p>\n<p><span>Vi \u00e6ndrer ikke vores websteds dataindsamling og brugspraksis, n\u00e5r vi registrerer et Do Not Track-signal fra din browser.<\/span><\/p>\n<p><span><b>Dine rettigheder<\/b><\/span><\/p>\n<p><span>Hvis du er bosiddende i Europa, har du ret til at f\u00e5 adgang til, rette, opdatere eller slette de personoplysninger, vi har om dig. For at ud\u00f8ve disse rettigheder bedes du kontakte os ved hj\u00e6lp af nedenst\u00e5ende oplysninger.<\/span><\/p>\n<p><span>Hvis du er bosiddende i Europa, behandler vi desuden dine oplysninger for at opfylde kontrakter, vi m\u00e5tte have med dig (f.eks. hvis du afgiver en ordre via webstedet), eller for at forf\u00f8lge vores legitime forretningsinteresser. Bem\u00e6rk, at dine oplysninger vil blive overf\u00f8rt uden for Europa, herunder til Canada og USA.<\/span><\/p>\n<p><span><b>Opbevaring af data<\/b><\/span><\/p>\n<p><span>Vi opbevarer dine ordreoplysninger i vores optegnelser, medmindre og indtil du beder os om at slette dem.<\/span><\/p>\n<p><span><b>\u00c6ndringer<\/b><\/span><\/p>\n<p><span>Vi kan opdatere denne privatlivspolitik med j\u00e6vne mellemrum for at afspejle \u00e6ndringer i vores praksis eller af andre driftsm\u00e6ssige, juridiske eller lovgivningsm\u00e6ssige \u00e5rsager.<\/span><\/p>\n<p><span><b>Kontakt os<\/b><\/span><\/p>\n<p><span>Hvis du vil have flere oplysninger om vores privatlivspraksis, sp\u00f8rgsm\u00e5l eller klager, bedes du kontakte os via e-mail p\u00e5 info@ultra-x-tend.co.<\/span><\/p>\t\t\t\t\t\t\t\t<\/div>\n\t\t\t\t<\/div>\n\t\t\t\t\t<\/div>\n\t\t\t\t<\/div>\n\t\t\t\t<\/div>","protected":false},"excerpt":{"rendered":"<p>Privacy Policy This Privacy Policy explains how your personal information is collected, used, and shared when you visit or make [&hellip;]<\/p>","protected":false},"author":1,"featured_media":0,"parent":0,"menu_order":0,"comment_status":"closed","ping_status":"closed","template":"","meta":{"inline_featured_image":false,"site-sidebar-layout":"default","site-content-layout":"","ast-site-content-layout":"full-width-container","site-content-style":"default","site-sidebar-style":"default","ast-global-header-display":"","ast-banner-title-visibility":"","ast-main-header-display":"","ast-hfb-above-header-display":"","ast-hfb-below-header-display":"","ast-hfb-mobile-header-display":"","site-post-title":"","ast-breadcrumbs-content":"","ast-featured-img":"","footer-sml-layout":"","theme-transparent-header-meta":"default","adv-header-id-meta":"","stick-header-meta":"","header-above-stick-meta":"","header-main-stick-meta":"","header-below-stick-meta":"","astra-migrate-meta-layouts":"set","ast-page-background-enabled":"default","ast-page-background-meta":{"desktop":{"background-color":"var(--ast-global-color-4)","background-image":"","background-repeat":"repeat","background-position":"center center","background-size":"auto","background-attachment":"scroll","background-type":"","background-media":"","overlay-type":"","overlay-color":"","overlay-gradient":""},"tablet":{"background-color":"","background-image":"","background-repeat":"repeat","background-position":"center center","background-size":"auto","background-attachment":"scroll","background-type":"","background-media":"","overlay-type":"","overlay-color":"","overlay-gradient":""},"mobile":{"background-color":"","background-image":"","background-repeat":"repeat","background-position":"center center","background-size":"auto","background-attachment":"scroll","background-type":"","background-media":"","overlay-type":"","overlay-color":"","overlay-gradient":""}},"ast-content-background-meta":{"desktop":{"background-color":"var(--ast-global-color-5)","background-image":"","background-repeat":"repeat","background-position":"center center","background-size":"auto","background-attachment":"scroll","background-type":"","background-media":"","overlay-type":"","overlay-color":"","overlay-gradient":""},"tablet":{"background-color":"var(--ast-global-color-5)","background-image":"","background-repeat":"repeat","background-position":"center center","background-size":"auto","background-attachment":"scroll","background-type":"","background-media":"","overlay-type":"","overlay-color":"","overlay-gradient":""},"mobile":{"background-color":"var(--ast-global-color-5)","background-image":"","background-repeat":"repeat","background-position":"center center","background-size":"auto","background-attachment":"scroll","background-type":"","background-media":"","overlay-type":"","overlay-color":"","overlay-gradient":""}},"footnotes":""},"_links":{"self":[{"href":"https:\/\/ultra-x-tend.co\/da\/wp-json\/wp\/v2\/pages\/3"}],"collection":[{"href":"https:\/\/ultra-x-tend.co\/da\/wp-json\/wp\/v2\/pages"}],"about":[{"href":"https:\/\/ultra-x-tend.co\/da\/wp-json\/wp\/v2\/types\/page"}],"author":[{"embeddable":true,"href":"https:\/\/ultra-x-tend.co\/da\/wp-json\/wp\/v2\/users\/1"}],"replies":[{"embeddable":true,"href":"https:\/\/ultra-x-tend.co\/da\/wp-json\/wp\/v2\/comments?post=3"}],"version-history":[{"count":36,"href":"https:\/\/ultra-x-tend.co\/da\/wp-json\/wp\/v2\/pages\/3\/revisions"}],"predecessor-version":[{"id":3976,"href":"https:\/\/ultra-x-tend.co\/da\/wp-json\/wp\/v2\/pages\/3\/revisions\/3976"}],"wp:attachment":[{"href":"https:\/\/ultra-x-tend.co\/da\/wp-json\/wp\/v2\/media?parent=3"}],"curies":[{"name":"wp","href":"https:\/\/api.w.org\/{rel}","templated":true}]}}